{"id":84,"date":"2020-02-07T09:37:53","date_gmt":"2020-02-07T08:37:53","guid":{"rendered":"http:\/\/preteam.se\/?page_id=84"},"modified":"2022-05-18T11:00:58","modified_gmt":"2022-05-18T09:00:58","slug":"lediga-jobb","status":"publish","type":"page","link":"https:\/\/preteam.se\/?page_id=84","title":{"rendered":"Lediga jobb"},"content":{"rendered":"\t\t<div data-elementor-type=\"wp-page\" data-elementor-id=\"84\" class=\"elementor elementor-84\" data-elementor-post-type=\"page\">\n\t\t\t\t\t\t<section class=\"elementor-section elementor-top-section elementor-element elementor-element-ff2a7b6 elementor-section-boxed elementor-section-height-default elementor-section-height-default\" data-id=\"ff2a7b6\" data-element_type=\"section\">\n\t\t\t\t\t\t<div class=\"elementor-container elementor-column-gap-default\">\n\t\t\t\t\t<div class=\"elementor-column elementor-col-100 elementor-top-column elementor-element elementor-element-6189ded\" data-id=\"6189ded\" data-element_type=\"column\">\n\t\t\t<div class=\"elementor-widget-wrap elementor-element-populated\">\n\t\t\t\t\t\t<div class=\"elementor-element elementor-element-fd7e889 elementor-widget elementor-widget-image\" data-id=\"fd7e889\" data-element_type=\"widget\" data-widget_type=\"image.default\">\n\t\t\t\t<div class=\"elementor-widget-container\">\n\t\t\t\t\t\t\t\t\t\t\t\t\t\t\t<img fetchpriority=\"high\" decoding=\"async\" width=\"980\" height=\"360\" src=\"https:\/\/preteam.se\/wp-content\/uploads\/2020\/02\/dreamstime_m_13714156f_980x360.jpg\" class=\"attachment-large size-large wp-image-202\" alt=\"\" srcset=\"https:\/\/preteam.se\/wp-content\/uploads\/2020\/02\/dreamstime_m_13714156f_980x360.jpg 980w, https:\/\/preteam.se\/wp-content\/uploads\/2020\/02\/dreamstime_m_13714156f_980x360-300x110.jpg 300w, https:\/\/preteam.se\/wp-content\/uploads\/2020\/02\/dreamstime_m_13714156f_980x360-768x282.jpg 768w\" sizes=\"(max-width: 980px) 100vw, 980px\" \/>\t\t\t\t\t\t\t\t\t\t\t\t\t\t\t<\/div>\n\t\t\t\t<\/div>\n\t\t\t\t\t<\/div>\n\t\t<\/div>\n\t\t\t\t\t<\/div>\n\t\t<\/section>\n\t\t\t\t<section class=\"elementor-section elementor-top-section elementor-element elementor-element-6f4299e elementor-section-boxed elementor-section-height-default elementor-section-height-default\" data-id=\"6f4299e\" data-element_type=\"section\" data-settings=\"{&quot;background_background&quot;:&quot;classic&quot;}\">\n\t\t\t\t\t\t<div class=\"elementor-container elementor-column-gap-default\">\n\t\t\t\t\t<div class=\"elementor-column elementor-col-100 elementor-top-column elementor-element elementor-element-71a116f\" data-id=\"71a116f\" data-element_type=\"column\" data-settings=\"{&quot;background_background&quot;:&quot;classic&quot;}\">\n\t\t\t<div class=\"elementor-widget-wrap elementor-element-populated\">\n\t\t\t\t\t\t<div class=\"elementor-element elementor-element-8b61db2 elementor-widget elementor-widget-heading\" data-id=\"8b61db2\" data-element_type=\"widget\" data-widget_type=\"heading.default\">\n\t\t\t\t<div class=\"elementor-widget-container\">\n\t\t\t\t\t<h2 class=\"elementor-heading-title elementor-size-default\">LEDIGA JOBB<\/h2>\t\t\t\t<\/div>\n\t\t\t\t<\/div>\n\t\t\t\t<div class=\"elementor-element elementor-element-60ff19e elementor-widget-divider--view-line elementor-widget elementor-widget-divider\" data-id=\"60ff19e\" data-element_type=\"widget\" data-widget_type=\"divider.default\">\n\t\t\t\t<div class=\"elementor-widget-container\">\n\t\t\t\t\t\t\t<div class=\"elementor-divider\">\n\t\t\t<span class=\"elementor-divider-separator\">\n\t\t\t\t\t\t<\/span>\n\t\t<\/div>\n\t\t\t\t\t\t<\/div>\n\t\t\t\t<\/div>\n\t\t\t\t<div class=\"elementor-element elementor-element-1a57e3c elementor-widget elementor-widget-text-editor\" data-id=\"1a57e3c\" data-element_type=\"widget\" data-widget_type=\"text-editor.default\">\n\t\t\t\t<div class=\"elementor-widget-container\">\n\t\t\t\t\t\t\t\t\t<p>Kommunikat\u00f6r\/Telemarketingagent inom m\u00e4ssor\/seminarier och event\u00a0<\/p>\t\t\t\t\t\t\t\t<\/div>\n\t\t\t\t<\/div>\n\t\t\t\t<div class=\"elementor-element elementor-element-7e3ef09 elementor-widget elementor-widget-text-editor\" data-id=\"7e3ef09\" data-element_type=\"widget\" data-widget_type=\"text-editor.default\">\n\t\t\t\t<div class=\"elementor-widget-container\">\n\t\t\t\t\t\t\t\t\t<h2 class=\"t-20 mb3\">Jobb beskrivning<\/h2><article class=\"hiring-job-information__content\" data-hiring-job-information__content=\"\"><section class=\"hiring-job-information__job-description\"><p>P\u00e5 PreTeam arbetar vi bl a med inbjudningar till m\u00e4ssor\/seminarier\/event\/shower, m\u00f6tesbokning och marknadsunders\u00f6kningar p\u00e5 uppdrag fr\u00e5n v\u00e5ra kundf\u00f6retag. PreTeam grundades 2007 och vi har sedan dess arbetat med flera bransch ledande f\u00f6retag som uppdragsgivare inom B2B.<\/p><p>\u00a0<\/p><p>Vi jobbar med m\u00e5nga olika typer av uppdrag och skr\u00e4ddarsyr varje kunduppdrag utifr\u00e5n kundens \u00f6nskem\u00e5l och behov s\u00e5 dina arbetsuppgifter kommer att variera. Du kommer att arbeta i projektform och ofta med flera olika uppdrag parallellt. Du kommer jobba mycket i telefon och med email. Dina arbetsuppgifter blir bl a att kontakta, informera och bjuda in till olika m\u00e4ssor, event och seminarier och shower. Vi har ocks\u00e5 kunder som vi hj\u00e4lper med marknadsunders\u00f6kningar och m\u00f6tesbokning s\u00e5 arbetsuppgifter varierar fr\u00e5n projekt till projekt.<\/p><p>\u00a0<\/p><p>Vi har h\u00f6ga f\u00f6rv\u00e4ntningar p\u00e5 v\u00e5rt team och vill att du \u00e4r en driven och m\u00e5linriktad person med en positiv inst\u00e4llning och attityd.\u00a0<span style=\"font-size: 14px;\">I rollen \u00e4r det du som skapar kontakt och du blir d\u00e4rf\u00f6r nyckelroll i projekten. Du kommer att kontakta och f\u00f6lja upp nya och befintliga kunder inom Sverige och vara en stor del i att hj\u00e4lpa v\u00e5ra kundf\u00f6retag lyckas med \u00f6ka sin f\u00f6rs\u00e4ljning och \u00f6ka sin marknadsn\u00e4rvaro gentemot deras kunder. Du kommer att jobba i ett engagerat team som verkligen \u00e4r m\u00e5n om att alla ska lyckas och som st\u00e4ndigt str\u00e4var efter att n\u00e5 \u00f6kade resultat.<\/span><\/p><p>\u00a0<\/p><p><strong>\u00a0<\/strong><\/p><p><strong>\u00a0\u00a0<\/strong><\/p><p><strong>\u00a0<\/strong><\/p><p><strong>\u00a0<\/strong><\/p><p><strong>\u00a0<\/strong><\/p><p><strong>\u00a0<\/strong><\/p><p><strong>\u00a0<\/strong><\/p><p><strong>Dina arbetsuppgifter<\/strong><\/p><ul><li>Du identifierar nyckelpersoner i organisationer inom olika typer av branscher.<\/li><li>Du kommunicerar kundens tj\u00e4nster\/produkter och informerar och bjuder in via telefon och email. B\u00e5de till fysiska seminarier, m\u00e4ssor, event och m\u00f6ten men \u00e4ven digitala seminarier och m\u00f6ten.<\/li><li>Du f\u00f6ljer upp och f\u00f6r statistik under projektets g\u00e5ng.<\/li><\/ul><p><strong>Din profil<\/strong><\/p><p>Vi vill att du \u00e4r intresserad av att jobba med kommunikation och f\u00f6rs\u00e4ljning. Det allra viktigaste \u00e4r att du \u00e4r or\u00e4dd, har ett starkt engagemang, \u00e4r ih\u00e4rdig och g\u00e5r in 100% i det du g\u00f6r. Du vill g\u00e4rna knyta nya kontakter och vid att skapa aff\u00e4rsm\u00f6jligheter. De beslutsfattare som du kommer att prata med \u00e4r VD, F\u00f6rs\u00e4ljningschef och Marknadschefer och m\u00e5nga andra befattningar inom f\u00f6retag, s\u00e5 viktigt att du b\u00e5de talar och skriver flytande svenska. Du har egen en inre drivkraft och vilja att leverera det b\u00e4sta f\u00f6r v\u00e5ra kunder och n\u00e5 bra resultat. Som person \u00e4r du positiv och glad, b\u00e5de mot kunder och mot dina kollegor.<\/p><p>\u00a0<\/p><p>\u00a0<\/p><p><strong>Kvalifikationer<\/strong><\/p><ul><li>Gymnasieutbildning<\/li><li>Flytande svenska i tal och skrift.<\/li><li>Resultatorienterad och driven<\/li><li>Stark egen drivkraft, envis och uth\u00e5llig<\/li><li>Trivs in en snabbv\u00e4xande milj\u00f6 med kontinuerlig f\u00f6r\u00e4ndring<\/li><li>Inspireras och trivs i en milj\u00f6 som pr\u00e4glas av h\u00f6gt tempo<\/li><li>Trivs i mindre f\u00f6retag och projektgrupper\u00a0<\/li><\/ul><\/section><\/article>\t\t\t\t\t\t\t\t<\/div>\n\t\t\t\t<\/div>\n\t\t\t\t<div class=\"elementor-element elementor-element-6e82962 elementor-widget elementor-widget-text-editor\" data-id=\"6e82962\" data-element_type=\"widget\" data-widget_type=\"text-editor.default\">\n\t\t\t\t<div class=\"elementor-widget-container\">\n\t\t\t\t\t\t\t\t\t<p>\u00a0 \u00a0 \u00a0 \u00a0 \u00a0 \u00a0 \u00a0 \u00a0 \u00a0 \u00a0 \u00a0 \u00a0 \u00a0 \u00a0 \u00a0 \u00a0 \u00a0 \u00a0 \u00a0 \u00a0 \u00a0 \u00a0 \u00a0 \u00a0 \u00a0 \u00a0 \u00a0 \u00a0 \u00a0 \u00a0 \u00a0 \u00a0 \u00a0 \u00a0 \u00a0 \u00a0 \u00a0 \u00a0 \u00a0 \u00a0 \u00a0 \u00a0 \u00a0 \u00a0 \u00a0 \u00a0 \u00a0 \u00a0 \u00a0 \u00a0 \u00a0 \u00a0 \u00a0 \u00a0 \u00a0 \u00a0 \u00a0 \u00a0 \u00a0 \u00a0 \u00a0 \u00a0 \u00a0 \u00a0 \u00a0 \u00a0 \u00a0 \u00a0 \u00a0 \u00a0 \u00a0 \u00a0 \u00a0 \u00a0 \u00a0 \u00a0 \u00a0 \u00a0 \u00a0 \u00a0V\u00e4lkommen med din ans\u00f6kan till pia@preteam.se. Vi ser fram emot att l\u00e4sa den!\u00a0<\/p>\t\t\t\t\t\t\t\t<\/div>\n\t\t\t\t<\/div>\n\t\t\t\t\t<\/div>\n\t\t<\/div>\n\t\t\t\t\t<\/div>\n\t\t<\/section>\n\t\t\t\t<\/div>\n\t\t","protected":false},"excerpt":{"rendered":"<p>LEDIGA JOBB Kommunikat\u00f6r\/Telemarketingagent inom m\u00e4ssor\/seminarier och event\u00a0 Jobb beskrivning P\u00e5 PreTeam arbetar vi bl a med inbjudningar till m\u00e4ssor\/seminarier\/event\/shower, m\u00f6tesbokning och marknadsunders\u00f6kningar p\u00e5 uppdrag fr\u00e5n v\u00e5ra kundf\u00f6retag. PreTeam grundades 2007 och vi har sedan dess arbetat med flera bransch ledande f\u00f6retag som uppdragsgivare inom B2B. \u00a0 Vi jobbar med m\u00e5nga olika typer av uppdrag och [&hellip;]<\/p>\n","protected":false},"author":1,"featured_media":0,"parent":0,"menu_order":0,"comment_status":"closed","ping_status":"closed","template":"","meta":{"site-sidebar-layout":"no-sidebar","site-content-layout":"page-builder","ast-site-content-layout":"default","site-content-style":"default","site-sidebar-style":"default","ast-global-header-display":"","ast-banner-title-visibility":"","ast-main-header-display":"","ast-hfb-above-header-display":"","ast-hfb-below-header-display":"","ast-hfb-mobile-header-display":"","site-post-title":"disabled","ast-breadcrumbs-content":"","ast-featured-img":"disabled","footer-sml-layout":"","theme-transparent-header-meta":"default","adv-header-id-meta":"","stick-header-meta":"","header-above-stick-meta":"","header-main-stick-meta":"","header-below-stick-meta":"","astra-migrate-meta-layouts":"default","ast-page-background-enabled":"default","ast-page-background-meta":{"desktop":{"background-color":"","background-image":"","background-repeat":"repeat","background-position":"center center","background-size":"auto","background-attachment":"scroll","background-type":"","background-media":"","overlay-type":"","overlay-color":"","overlay-opacity":"","overlay-gradient":""},"tablet":{"background-color":"","background-image":"","background-repeat":"repeat","background-position":"center center","background-size":"auto","background-attachment":"scroll","background-type":"","background-media":"","overlay-type":"","overlay-color":"","overlay-opacity":"","overlay-gradient":""},"mobile":{"background-color":"","background-image":"","background-repeat":"repeat","background-position":"center center","background-size":"auto","background-attachment":"scroll","background-type":"","background-media":"","overlay-type":"","overlay-color":"","overlay-opacity":"","overlay-gradient":""}},"ast-content-background-meta":{"desktop":{"background-color":"var(--ast-global-color-5)","background-image":"","background-repeat":"repeat","background-position":"center center","background-size":"auto","background-attachment":"scroll","background-type":"","background-media":"","overlay-type":"","overlay-color":"","overlay-opacity":"","overlay-gradient":""},"tablet":{"background-color":"var(--ast-global-color-5)","background-image":"","background-repeat":"repeat","background-position":"center center","background-size":"auto","background-attachment":"scroll","background-type":"","background-media":"","overlay-type":"","overlay-color":"","overlay-opacity":"","overlay-gradient":""},"mobile":{"background-color":"var(--ast-global-color-5)","background-image":"","background-repeat":"repeat","background-position":"center center","background-size":"auto","background-attachment":"scroll","background-type":"","background-media":"","overlay-type":"","overlay-color":"","overlay-opacity":"","overlay-gradient":""}},"footnotes":""},"class_list":["post-84","page","type-page","status-publish","hentry"],"_links":{"self":[{"href":"https:\/\/preteam.se\/index.php?rest_route=\/wp\/v2\/pages\/84","targetHints":{"allow":["GET"]}}],"collection":[{"href":"https:\/\/preteam.se\/index.php?rest_route=\/wp\/v2\/pages"}],"about":[{"href":"https:\/\/preteam.se\/index.php?rest_route=\/wp\/v2\/types\/page"}],"author":[{"embeddable":true,"href":"https:\/\/preteam.se\/index.php?rest_route=\/wp\/v2\/users\/1"}],"replies":[{"embeddable":true,"href":"https:\/\/preteam.se\/index.php?rest_route=%2Fwp%2Fv2%2Fcomments&post=84"}],"version-history":[{"count":11,"href":"https:\/\/preteam.se\/index.php?rest_route=\/wp\/v2\/pages\/84\/revisions"}],"predecessor-version":[{"id":332,"href":"https:\/\/preteam.se\/index.php?rest_route=\/wp\/v2\/pages\/84\/revisions\/332"}],"wp:attachment":[{"href":"https:\/\/preteam.se\/index.php?rest_route=%2Fwp%2Fv2%2Fmedia&parent=84"}],"curies":[{"name":"wp","href":"https:\/\/api.w.org\/{rel}","templated":true}]}}