{"id":93,"date":"2020-02-07T09:48:46","date_gmt":"2020-02-07T08:48:46","guid":{"rendered":"http:\/\/preteam.se\/?page_id=93"},"modified":"2021-11-10T12:00:04","modified_gmt":"2021-11-10T11:00:04","slug":"om-preteam-3","status":"publish","type":"page","link":"https:\/\/preteam.se\/?page_id=93","title":{"rendered":"Om Preteam"},"content":{"rendered":"\t\t<div data-elementor-type=\"wp-page\" data-elementor-id=\"93\" class=\"elementor elementor-93\" data-elementor-post-type=\"page\">\n\t\t\t\t\t\t<section class=\"elementor-section elementor-top-section elementor-element elementor-element-ff2a7b6 elementor-section-boxed elementor-section-height-default elementor-section-height-default\" data-id=\"ff2a7b6\" data-element_type=\"section\" data-settings=\"{&quot;background_background&quot;:&quot;classic&quot;}\">\n\t\t\t\t\t\t<div class=\"elementor-container elementor-column-gap-default\">\n\t\t\t\t\t<div class=\"elementor-column elementor-col-100 elementor-top-column elementor-element elementor-element-6189ded\" data-id=\"6189ded\" data-element_type=\"column\">\n\t\t\t<div class=\"elementor-widget-wrap elementor-element-populated\">\n\t\t\t\t\t\t<div class=\"elementor-element elementor-element-fd7e889 elementor-widget elementor-widget-image\" data-id=\"fd7e889\" data-element_type=\"widget\" data-widget_type=\"image.default\">\n\t\t\t\t<div class=\"elementor-widget-container\">\n\t\t\t\t\t\t\t\t\t\t\t\t\t\t\t<img fetchpriority=\"high\" decoding=\"async\" width=\"980\" height=\"360\" src=\"https:\/\/preteam.se\/wp-content\/uploads\/2020\/02\/dreamstime_m_22009378_f_980x360.jpg\" class=\"attachment-large size-large wp-image-195\" alt=\"\" srcset=\"https:\/\/preteam.se\/wp-content\/uploads\/2020\/02\/dreamstime_m_22009378_f_980x360.jpg 980w, https:\/\/preteam.se\/wp-content\/uploads\/2020\/02\/dreamstime_m_22009378_f_980x360-300x110.jpg 300w, https:\/\/preteam.se\/wp-content\/uploads\/2020\/02\/dreamstime_m_22009378_f_980x360-768x282.jpg 768w\" sizes=\"(max-width: 980px) 100vw, 980px\" \/>\t\t\t\t\t\t\t\t\t\t\t\t\t\t\t<\/div>\n\t\t\t\t<\/div>\n\t\t\t\t\t<\/div>\n\t\t<\/div>\n\t\t\t\t\t<\/div>\n\t\t<\/section>\n\t\t\t\t<section class=\"elementor-section elementor-top-section elementor-element elementor-element-6f4299e elementor-section-boxed elementor-section-height-default elementor-section-height-default\" data-id=\"6f4299e\" data-element_type=\"section\" data-settings=\"{&quot;background_background&quot;:&quot;classic&quot;}\">\n\t\t\t\t\t\t<div class=\"elementor-container elementor-column-gap-default\">\n\t\t\t\t\t<div class=\"elementor-column elementor-col-100 elementor-top-column elementor-element elementor-element-71a116f\" data-id=\"71a116f\" data-element_type=\"column\" data-settings=\"{&quot;background_background&quot;:&quot;classic&quot;}\">\n\t\t\t<div class=\"elementor-widget-wrap elementor-element-populated\">\n\t\t\t\t\t\t<div class=\"elementor-element elementor-element-8b61db2 elementor-widget elementor-widget-heading\" data-id=\"8b61db2\" data-element_type=\"widget\" data-widget_type=\"heading.default\">\n\t\t\t\t<div class=\"elementor-widget-container\">\n\t\t\t\t\t<h2 class=\"elementor-heading-title elementor-size-default\">OM PRETEAM<\/h2>\t\t\t\t<\/div>\n\t\t\t\t<\/div>\n\t\t\t\t<div class=\"elementor-element elementor-element-60ff19e elementor-widget-divider--view-line elementor-widget elementor-widget-divider\" data-id=\"60ff19e\" data-element_type=\"widget\" data-widget_type=\"divider.default\">\n\t\t\t\t<div class=\"elementor-widget-container\">\n\t\t\t\t\t\t\t<div class=\"elementor-divider\">\n\t\t\t<span class=\"elementor-divider-separator\">\n\t\t\t\t\t\t<\/span>\n\t\t<\/div>\n\t\t\t\t\t\t<\/div>\n\t\t\t\t<\/div>\n\t\t\t\t<div class=\"elementor-element elementor-element-1a57e3c elementor-widget elementor-widget-text-editor\" data-id=\"1a57e3c\" data-element_type=\"widget\" data-widget_type=\"text-editor.default\">\n\t\t\t\t<div class=\"elementor-widget-container\">\n\t\t\t\t\t\t\t\t\t<p>V\u00e4lkommen till PreTeam i G\u00f6teborg \u2013 ett professionellt telemarketingf\u00f6retag\u00a0<\/p>\t\t\t\t\t\t\t\t<\/div>\n\t\t\t\t<\/div>\n\t\t\t\t<div class=\"elementor-element elementor-element-7e3ef09 elementor-widget elementor-widget-text-editor\" data-id=\"7e3ef09\" data-element_type=\"widget\" data-widget_type=\"text-editor.default\">\n\t\t\t\t<div class=\"elementor-widget-container\">\n\t\t\t\t\t\t\t\t\t<div class=\"eight columns \"><p>Till oss v\u00e4nder sig f\u00f6retag som beh\u00f6ver hj\u00e4lp med telemarketing t ex att hitta nya kunder eller \u00f6ka sin f\u00f6rs\u00e4ljning, boka m\u00f6ten, bjuda in till m\u00e4ssor\/seminarier\/konferenser men ocks\u00e5 f\u00f6retag som vill uppdatera sina register eller rekrytera deltagare till marknadsunders\u00f6kningar. Vi kan allt detta och vi g\u00f6r det bra. Vi vet det eftersom v\u00e5ra kunder s\u00e5 ofta bekr\u00e4ftar det f\u00f6r oss.<\/p><p>De flesta av v\u00e5ra kunder finns i och kring G\u00f6teborg men vi har naturligtvis \u00e4ven kunder runt hela Sverige. Vi har \u00e4ven gjort uppdrag f\u00f6r norska, danska och finska f\u00f6retag.<\/p><p>M\u00e5let \u00e4r att alltid hitta den optimala l\u00f6sningen f\u00f6r varje enskilt projekt. Vare sig det g\u00e4ller m\u00f6tesbokning, telefonf\u00f6rs\u00e4ljning eller inbjudningar till olika event eller unders\u00f6kningar. Den b\u00e4sta l\u00f6sningen skall vara den enda l\u00f6sningen. Flera \u00e5rs erfarenhet hj\u00e4lper oss att, tillsammans med v\u00e5ra kunder, skapa och genomf\u00f6ra varje projekt p\u00e5 ett professionellt och serviceinriktat s\u00e4tt med genuint engagemang fr\u00e5n start till m\u00e5l. V\u00e5r personal vill lyckas och komma i m\u00e5l \u2013 det m\u00e4rks p\u00e5 resultaten.<\/p><p>Hos oss finns l\u00e5ng erfarenhet och stor omtanke om varje enskild kund vilket ocks\u00e5 m\u00e4rks n\u00e4r vi talar i telefon. M\u00e5ls\u00e4ttningen \u00e4r att varje samtal skall bli ett personligt samtal. Vi vet n\u00e4mligen att det \u00e4r den r\u00e4tta v\u00e4gen till det b\u00e4sta resultatet. Eftersom vi ser det om och om igen.<\/p><p>V\u00e5ra arbetsdagar \u00e4r ofta fartfyllda, mycket varierande och fyllda med deadlines \u2013 precis som hos de flesta av v\u00e5ra kunder. Uppdragen varierar men tempot \u00e4r det samma.<\/p><\/div>\t\t\t\t\t\t\t\t<\/div>\n\t\t\t\t<\/div>\n\t\t\t\t\t<\/div>\n\t\t<\/div>\n\t\t\t\t\t<\/div>\n\t\t<\/section>\n\t\t\t\t<\/div>\n\t\t","protected":false},"excerpt":{"rendered":"<p>OM PRETEAM V\u00e4lkommen till PreTeam i G\u00f6teborg \u2013 ett professionellt telemarketingf\u00f6retag\u00a0 Till oss v\u00e4nder sig f\u00f6retag som beh\u00f6ver hj\u00e4lp med telemarketing t ex att hitta nya kunder eller \u00f6ka sin f\u00f6rs\u00e4ljning, boka m\u00f6ten, bjuda in till m\u00e4ssor\/seminarier\/konferenser men ocks\u00e5 f\u00f6retag som vill uppdatera sina register eller rekrytera deltagare till marknadsunders\u00f6kningar. Vi kan allt detta och [&hellip;]<\/p>\n","protected":false},"author":1,"featured_media":0,"parent":0,"menu_order":0,"comment_status":"closed","ping_status":"closed","template":"","meta":{"site-sidebar-layout":"no-sidebar","site-content-layout":"page-builder","ast-site-content-layout":"default","site-content-style":"default","site-sidebar-style":"default","ast-global-header-display":"","ast-banner-title-visibility":"","ast-main-header-display":"","ast-hfb-above-header-display":"","ast-hfb-below-header-display":"","ast-hfb-mobile-header-display":"","site-post-title":"disabled","ast-breadcrumbs-content":"","ast-featured-img":"disabled","footer-sml-layout":"","theme-transparent-header-meta":"default","adv-header-id-meta":"","stick-header-meta":"","header-above-stick-meta":"","header-main-stick-meta":"","header-below-stick-meta":"","astra-migrate-meta-layouts":"default","ast-page-background-enabled":"default","ast-page-background-meta":{"desktop":{"background-color":"","background-image":"","background-repeat":"repeat","background-position":"center center","background-size":"auto","background-attachment":"scroll","background-type":"","background-media":"","overlay-type":"","overlay-color":"","overlay-opacity":"","overlay-gradient":""},"tablet":{"background-color":"","background-image":"","background-repeat":"repeat","background-position":"center center","background-size":"auto","background-attachment":"scroll","background-type":"","background-media":"","overlay-type":"","overlay-color":"","overlay-opacity":"","overlay-gradient":""},"mobile":{"background-color":"","background-image":"","background-repeat":"repeat","background-position":"center center","background-size":"auto","background-attachment":"scroll","background-type":"","background-media":"","overlay-type":"","overlay-color":"","overlay-opacity":"","overlay-gradient":""}},"ast-content-background-meta":{"desktop":{"background-color":"var(--ast-global-color-5)","background-image":"","background-repeat":"repeat","background-position":"center center","background-size":"auto","background-attachment":"scroll","background-type":"","background-media":"","overlay-type":"","overlay-color":"","overlay-opacity":"","overlay-gradient":""},"tablet":{"background-color":"var(--ast-global-color-5)","background-image":"","background-repeat":"repeat","background-position":"center center","background-size":"auto","background-attachment":"scroll","background-type":"","background-media":"","overlay-type":"","overlay-color":"","overlay-opacity":"","overlay-gradient":""},"mobile":{"background-color":"var(--ast-global-color-5)","background-image":"","background-repeat":"repeat","background-position":"center center","background-size":"auto","background-attachment":"scroll","background-type":"","background-media":"","overlay-type":"","overlay-color":"","overlay-opacity":"","overlay-gradient":""}},"footnotes":""},"class_list":["post-93","page","type-page","status-publish","hentry"],"_links":{"self":[{"href":"https:\/\/preteam.se\/index.php?rest_route=\/wp\/v2\/pages\/93","targetHints":{"allow":["GET"]}}],"collection":[{"href":"https:\/\/preteam.se\/index.php?rest_route=\/wp\/v2\/pages"}],"about":[{"href":"https:\/\/preteam.se\/index.php?rest_route=\/wp\/v2\/types\/page"}],"author":[{"embeddable":true,"href":"https:\/\/preteam.se\/index.php?rest_route=\/wp\/v2\/users\/1"}],"replies":[{"embeddable":true,"href":"https:\/\/preteam.se\/index.php?rest_route=%2Fwp%2Fv2%2Fcomments&post=93"}],"version-history":[{"count":14,"href":"https:\/\/preteam.se\/index.php?rest_route=\/wp\/v2\/pages\/93\/revisions"}],"predecessor-version":[{"id":288,"href":"https:\/\/preteam.se\/index.php?rest_route=\/wp\/v2\/pages\/93\/revisions\/288"}],"wp:attachment":[{"href":"https:\/\/preteam.se\/index.php?rest_route=%2Fwp%2Fv2%2Fmedia&parent=93"}],"curies":[{"name":"wp","href":"https:\/\/api.w.org\/{rel}","templated":true}]}}